{"id":2612,"date":"2025-02-20T19:34:53","date_gmt":"2025-02-20T18:34:53","guid":{"rendered":"https:\/\/lionrock.ae\/?page_id=2612"},"modified":"2025-03-05T12:29:59","modified_gmt":"2025-03-05T11:29:59","slug":"our-off-plan","status":"publish","type":"page","link":"https:\/\/lionrock.ae\/fr\/notre-strategie\/sur-plan\/","title":{"rendered":"Our Off Plan"},"content":{"rendered":"<div data-elementor-type=\"wp-page\" data-elementor-id=\"2612\" class=\"elementor elementor-2612\" data-elementor-post-type=\"page\">\n\t\t\t\t<div class=\"elementor-element elementor-element-7f0e77e e-con-full e-flex wpr-particle-no wpr-jarallax-no wpr-parallax-no wpr-sticky-section-no e-con e-parent\" data-id=\"7f0e77e\" data-element_type=\"container\" data-settings=\"{&quot;background_background&quot;:&quot;classic&quot;}\">\n\t\t<div class=\"elementor-element elementor-element-d18a297 e-flex e-con-boxed wpr-particle-no wpr-jarallax-no wpr-parallax-no wpr-sticky-section-no e-con e-child\" data-id=\"d18a297\" data-element_type=\"container\">\n\t\t\t\t\t<div class=\"e-con-inner\">\n\t\t\t\t<div class=\"elementor-element elementor-element-d6743af elementor-widget elementor-widget-heading\" data-id=\"d6743af\" data-element_type=\"widget\" data-widget_type=\"heading.default\">\n\t\t\t\t<div class=\"elementor-widget-container\">\n\t\t\t\t\t<h2 class=\"elementor-heading-title elementor-size-default\">Nos achats et reventes sur plan<\/h2>\t\t\t\t<\/div>\n\t\t\t\t<\/div>\n\t\t\t\t\t<\/div>\n\t\t\t\t<\/div>\n\t\t\t\t<\/div>\n\t\t<div class=\"elementor-element elementor-element-707f934 e-flex e-con-boxed wpr-particle-no wpr-jarallax-no wpr-parallax-no wpr-sticky-section-no e-con e-parent\" data-id=\"707f934\" data-element_type=\"container\" data-settings=\"{&quot;background_background&quot;:&quot;classic&quot;,&quot;background_motion_fx_motion_fx_scrolling&quot;:&quot;yes&quot;,&quot;background_motion_fx_range&quot;:&quot;page&quot;,&quot;background_motion_fx_devices&quot;:[&quot;desktop&quot;,&quot;tablet&quot;,&quot;mobile&quot;]}\">\n\t\t\t\t\t<div class=\"e-con-inner\">\n\t\t\t\t<div class=\"elementor-element elementor-element-64c8db9 elementor-widget elementor-widget-text-editor\" data-id=\"64c8db9\" data-element_type=\"widget\" data-widget_type=\"text-editor.default\">\n\t\t\t\t<div class=\"elementor-widget-container\">\n\t\t\t\t\t\t\t\t\t<p><strong>Exemple historique 1<\/strong><\/p>\t\t\t\t\t\t\t\t<\/div>\n\t\t\t\t<\/div>\n\t\t<div class=\"elementor-element elementor-element-ee567f0 e-con-full e-flex wpr-particle-no wpr-jarallax-no wpr-parallax-no wpr-sticky-section-no e-con e-child\" data-id=\"ee567f0\" data-element_type=\"container\" data-settings=\"{&quot;background_background&quot;:&quot;classic&quot;}\">\n\t\t<div class=\"elementor-element elementor-element-da0b25c e-con-full e-flex wpr-particle-no wpr-jarallax-no wpr-parallax-no wpr-sticky-section-no e-con e-child\" data-id=\"da0b25c\" data-element_type=\"container\">\n\t\t\t\t<div class=\"elementor-element elementor-element-77de891 elementor-widget elementor-widget-image\" data-id=\"77de891\" data-element_type=\"widget\" data-widget_type=\"image.default\">\n\t\t\t\t<div class=\"elementor-widget-container\">\n\t\t\t\t\t\t\t\t\t\t\t\t\t\t\t<img fetchpriority=\"high\" decoding=\"async\" width=\"960\" height=\"541\" src=\"https:\/\/lionrock.ae\/wp-content\/uploads\/2025\/02\/Sans-titre-13-1-1024x577.webp\" class=\"attachment-large size-large wp-image-2649\" alt=\"\" srcset=\"https:\/\/lionrock.ae\/wp-content\/uploads\/2025\/02\/Sans-titre-13-1-1024x577.webp 1024w, https:\/\/lionrock.ae\/wp-content\/uploads\/2025\/02\/Sans-titre-13-1-300x169.webp 300w, https:\/\/lionrock.ae\/wp-content\/uploads\/2025\/02\/Sans-titre-13-1-768x433.webp 768w, https:\/\/lionrock.ae\/wp-content\/uploads\/2025\/02\/Sans-titre-13-1-1536x866.webp 1536w, https:\/\/lionrock.ae\/wp-content\/uploads\/2025\/02\/Sans-titre-13-1-18x10.webp 18w, https:\/\/lionrock.ae\/wp-content\/uploads\/2025\/02\/Sans-titre-13-1.webp 1626w\" sizes=\"(max-width: 960px) 100vw, 960px\" \/>\t\t\t\t\t\t\t\t\t\t\t\t\t\t\t<\/div>\n\t\t\t\t<\/div>\n\t\t\t\t<\/div>\n\t\t<div class=\"elementor-element elementor-element-b2b707e e-con-full e-flex wpr-particle-no wpr-jarallax-no wpr-parallax-no wpr-sticky-section-no e-con e-child\" data-id=\"b2b707e\" data-element_type=\"container\">\n\t\t\t\t<div class=\"elementor-element elementor-element-9fb7a85 elementor-widget elementor-widget-text-editor\" data-id=\"9fb7a85\" data-element_type=\"widget\" data-widget_type=\"text-editor.default\">\n\t\t\t\t<div class=\"elementor-widget-container\">\n\t\t\t\t\t\t\t\t\t<p><strong>Haven Villa &#8211; Tilal al Ghaf<\/strong><\/p>\t\t\t\t\t\t\t\t<\/div>\n\t\t\t\t<\/div>\n\t\t\t\t<div class=\"elementor-element elementor-element-1e82d8d elementor-widget elementor-widget-html\" data-id=\"1e82d8d\" data-element_type=\"widget\" data-widget_type=\"html.default\">\n\t\t\t\t<div class=\"elementor-widget-container\">\n\t\t\t\t\t<!DOCTYPE html>\n<html lang=\"en\">\n<head>\n    <meta charset=\"UTF-8\">\n    <meta name=\"viewport\" content=\"width=device-width, initial-scale=1.0\">\n    <title>Financial Table<\/title>\n    <style>\n        table {\n            width: 100%;\n            border-collapse: collapse;\n        }\n        td {\n            padding: 10px;\n            border: 1px solid #000;\n        }\n        .row1 { background-color: #f7f7f7b8; color: #000; }\n        .row2 { background-color: #dfcca8; color: #000; }\n        .row3 { background-color: #f7f7f7b8; color: #000; }\n        .row4 { background-color: #dfcca8; color: #000; }\n        .row-final { background-color: #102669; color: #ffffff; }\n        .col1 { width: 65%; }\n        .col2 { width: 35%; }\n        .small-text { font-size: 0.8em;  }\n    <\/style>\n<\/head>\n<body>\n    <table>\n        <tr class=\"row1\">\n            <td class=\"col1\"><\/td>\n            <td class=\"small-text\">Montants en EUR<\/td>\n        <\/tr>\n        <tr class=\"row2\">\n            <td class=\"col1\"><strong>Prix aupr\u00e8s du promoteur<\/strong><\/td>\n            <td class=\"col2\"><strong>2,394,008 <\/strong><span style=\"display:block; font-size:10px\">sur un plan de paiement de 3 ans<\/span><\/td>\n        <\/tr>\n        <tr class=\"row3\">\n            <td class=\"col1\"><strong>Montant pay\u00e9 avant revente (40 % + frais)<\/strong><\/td>\n            <td class=\"col2\">1,074,929<\/td>\n        <\/tr>\n        <tr class=\"row4\">\n            <td class=\"col1\"><strong>Valeur de revente<\/strong><\/td>\n            <td class=\"col2\">3,049,692<\/td>\n\n        <tr class=\"row-final\">\n            <td class=\"col1\"><strong>B\u00e9n\u00e9fce net apr\u00e8s frais de sortie<\/strong><\/td>\n            <td class=\"col2\">442,333<\/td>\n        <\/tr>\n    <\/table>\n<\/body>\n<\/html>\n\t\t\t\t<\/div>\n\t\t\t\t<\/div>\n\t\t\t\t<div class=\"elementor-element elementor-element-8f3ca01 elementor-widget elementor-widget-text-editor\" data-id=\"8f3ca01\" data-element_type=\"widget\" data-widget_type=\"text-editor.default\">\n\t\t\t\t<div class=\"elementor-widget-container\">\n\t\t\t\t\t\t\t\t\t<p><strong>Nous avons g\u00e9n\u00e9r\u00e9 un ROI net de 41%\nsur les liquidit\u00e9s investies<br \/><\/strong>Dur\u00e9e d\u2019investissement 20 mois<\/p>\t\t\t\t\t\t\t\t<\/div>\n\t\t\t\t<\/div>\n\t\t\t\t<\/div>\n\t\t\t\t<\/div>\n\t\t\t\t\t<\/div>\n\t\t\t\t<\/div>\n\t\t<div class=\"elementor-element elementor-element-474837b e-flex e-con-boxed wpr-particle-no wpr-parallax-no wpr-sticky-section-no e-con e-parent\" data-id=\"474837b\" data-element_type=\"container\" data-settings=\"{&quot;background_background&quot;:&quot;classic&quot;}\">\n\t\t\t\t\t<div class=\"e-con-inner\">\n\t\t\t\t<div class=\"elementor-element elementor-element-a0a6f62 elementor-widget elementor-widget-heading\" data-id=\"a0a6f62\" data-element_type=\"widget\" data-widget_type=\"heading.default\">\n\t\t\t\t<div class=\"elementor-widget-container\">\n\t\t\t\t\t<h2 class=\"elementor-heading-title elementor-size-default\">Les opportunit\u00e9s sont exclusives et la demande est forte.<br>Agissez maintenant pour s\u00e9curiser votre part dans ce fonds immobilier performant.<\/h2>\t\t\t\t<\/div>\n\t\t\t\t<\/div>\n\t\t\t\t<div class=\"elementor-element elementor-element-b9af449 elementor-align-center elementor-widget__width-auto elementor-widget elementor-widget-button\" data-id=\"b9af449\" data-element_type=\"widget\" data-widget_type=\"button.default\">\n\t\t\t\t<div class=\"elementor-widget-container\">\n\t\t\t\t\t\t\t\t\t<div class=\"elementor-button-wrapper\">\n\t\t\t\t\t<a class=\"elementor-button elementor-button-link elementor-size-sm\" href=\"#\" id=\"modal-liste-attente\">\n\t\t\t\t\t\t<span class=\"elementor-button-content-wrapper\">\n\t\t\t\t\t\t\t\t\t<span class=\"elementor-button-text\">R\u00e9servez une consultation gratuite avec un sp\u00e9cialiste en investissement<\/span>\n\t\t\t\t\t<\/span>\n\t\t\t\t\t<\/a>\n\t\t\t\t<\/div>\n\t\t\t\t\t\t\t\t<\/div>\n\t\t\t\t<\/div>\n\t\t\t\t\t<\/div>\n\t\t\t\t<\/div>\n\t\t<div class=\"elementor-element elementor-element-6e88dd4 e-flex e-con-boxed wpr-particle-no wpr-jarallax-no wpr-parallax-no wpr-sticky-section-no e-con e-parent\" data-id=\"6e88dd4\" data-element_type=\"container\" data-settings=\"{&quot;background_background&quot;:&quot;classic&quot;}\">\n\t\t\t\t\t<div class=\"e-con-inner\">\n\t\t\t\t<div class=\"elementor-element elementor-element-0b09274 elementor-widget elementor-widget-text-editor\" data-id=\"0b09274\" data-element_type=\"widget\" data-widget_type=\"text-editor.default\">\n\t\t\t\t<div class=\"elementor-widget-container\">\n\t\t\t\t\t\t\t\t\t<p><strong>Exemple historique 2<\/strong><\/p>\t\t\t\t\t\t\t\t<\/div>\n\t\t\t\t<\/div>\n\t\t<div class=\"elementor-element elementor-element-c6bbf34 e-con-full e-flex wpr-particle-no wpr-jarallax-no wpr-parallax-no wpr-sticky-section-no e-con e-child\" data-id=\"c6bbf34\" data-element_type=\"container\" data-settings=\"{&quot;background_background&quot;:&quot;classic&quot;}\">\n\t\t<div class=\"elementor-element elementor-element-b62dca0 e-con-full e-flex wpr-particle-no wpr-jarallax-no wpr-parallax-no wpr-sticky-section-no e-con e-child\" data-id=\"b62dca0\" data-element_type=\"container\">\n\t\t\t\t<div class=\"elementor-element elementor-element-567e744 elementor-widget elementor-widget-text-editor\" data-id=\"567e744\" data-element_type=\"widget\" data-widget_type=\"text-editor.default\">\n\t\t\t\t<div class=\"elementor-widget-container\">\n\t\t\t\t\t\t\t\t\t<p><strong>Retreat Villa &#8211; Tilal Al Ghaf <br \/><\/strong><\/p>\t\t\t\t\t\t\t\t<\/div>\n\t\t\t\t<\/div>\n\t\t\t\t<div class=\"elementor-element elementor-element-d9c3da3 elementor-widget elementor-widget-html\" data-id=\"d9c3da3\" data-element_type=\"widget\" data-widget_type=\"html.default\">\n\t\t\t\t<div class=\"elementor-widget-container\">\n\t\t\t\t\t<!DOCTYPE html>\n<html lang=\"en\">\n<head>\n    <meta charset=\"UTF-8\">\n    <meta name=\"viewport\" content=\"width=device-width, initial-scale=1.0\">\n    <title>Financial Table<\/title>\n<\/head>\n<body>\n    <table>\n        <tr class=\"row1\">\n            <td class=\"col1\"><\/td>\n            <td class=\"small-text\">Montants en EUR<\/td>\n        <\/tr>\n        <tr class=\"row2\">\n            <td class=\"col1\"><strong>Prix aupr\u00e8s du promoteur<\/strong><\/td>\n            <td class=\"col2\"><strong>3,538,460 <\/strong><span style=\"display:block; font-size:10px\">sur un plan de paiement de 3 ans<\/span><\/td>\n        <\/tr>\n        <tr class=\"row3\">\n            <td class=\"col1\"><strong>Montant pay\u00e9 avant revente (40 % + frais)<\/strong><\/td>\n            <td class=\"col2\">1,552,130<\/td>\n        <\/tr>\n        <tr class=\"row4\">\n            <td class=\"col1\"><strong>Valeur de revente<\/strong><\/td>\n            <td class=\"col2\">4,145,676<\/td>\n\n        <tr class=\"row-final\">\n            <td class=\"col1\"><strong>B\u00e9n\u00e9fce net apr\u00e8s frais de sortie<\/strong><\/td>\n            <td class=\"col2\">389,945<\/td>\n        <\/tr>\n    <\/table>\n<\/body>\n<\/html>\n\t\t\t\t<\/div>\n\t\t\t\t<\/div>\n\t\t\t\t<div class=\"elementor-element elementor-element-6c620c8 elementor-widget elementor-widget-text-editor\" data-id=\"6c620c8\" data-element_type=\"widget\" data-widget_type=\"text-editor.default\">\n\t\t\t\t<div class=\"elementor-widget-container\">\n\t\t\t\t\t\t\t\t\t<p style=\"text-align: left;\"><strong>Nous avons g\u00e9n\u00e9r\u00e9 un ROI net de 25 %\nsur les liquidit\u00e9s investies<br \/><\/strong>Dur\u00e9e d\u2019investissement 22 mois<\/p>\t\t\t\t\t\t\t\t<\/div>\n\t\t\t\t<\/div>\n\t\t\t\t<\/div>\n\t\t<div class=\"elementor-element elementor-element-16f9adb e-con-full e-flex wpr-particle-no wpr-jarallax-no wpr-parallax-no wpr-sticky-section-no e-con e-child\" data-id=\"16f9adb\" data-element_type=\"container\">\n\t\t\t\t<div class=\"elementor-element elementor-element-868552a elementor-widget elementor-widget-image\" data-id=\"868552a\" data-element_type=\"widget\" data-widget_type=\"image.default\">\n\t\t\t\t<div class=\"elementor-widget-container\">\n\t\t\t\t\t\t\t\t\t\t\t\t\t\t\t<img decoding=\"async\" width=\"960\" height=\"541\" src=\"https:\/\/lionrock.ae\/wp-content\/uploads\/2025\/02\/Sans-titre-14-2-1-1024x577.webp\" class=\"attachment-large size-large wp-image-2648\" alt=\"\" srcset=\"https:\/\/lionrock.ae\/wp-content\/uploads\/2025\/02\/Sans-titre-14-2-1-1024x577.webp 1024w, https:\/\/lionrock.ae\/wp-content\/uploads\/2025\/02\/Sans-titre-14-2-1-300x169.webp 300w, https:\/\/lionrock.ae\/wp-content\/uploads\/2025\/02\/Sans-titre-14-2-1-768x433.webp 768w, https:\/\/lionrock.ae\/wp-content\/uploads\/2025\/02\/Sans-titre-14-2-1-1536x866.webp 1536w, https:\/\/lionrock.ae\/wp-content\/uploads\/2025\/02\/Sans-titre-14-2-1-18x10.webp 18w, https:\/\/lionrock.ae\/wp-content\/uploads\/2025\/02\/Sans-titre-14-2-1.webp 1626w\" sizes=\"(max-width: 960px) 100vw, 960px\" \/>\t\t\t\t\t\t\t\t\t\t\t\t\t\t\t<\/div>\n\t\t\t\t<\/div>\n\t\t\t\t<\/div>\n\t\t\t\t<\/div>\n\t\t\t\t\t<\/div>\n\t\t\t\t<\/div>\n\t\t\t\t<\/div>","protected":false},"excerpt":{"rendered":"<p>Our Off-Plan Purchase and Sale Historical Example 1 Haven Villa &#8211; Tilal al Ghaf Financial Table Amount in USD Developer price 2,394,008 on 3 year payment plan Amount paid towards property before resale : 40% + fees 1,074,929 Resale value 3,049,692 NET profit after exit fees 442,333 We generated 41% NET ROI on cash investedInvestment period 20 months Opportunities are exclusive, and demand is strong.Act now to secure your stake in this high-performing real estate fund. Book a free consultation with an investment specialist Historical Example 2 Retreat Villa &#8211; Tilal Al Ghaf Financial Table Amount in USD Developer price 3,538,460 on 3 year payment plan Amount paid towards property before resale : 40% + fees 1,552,130 Resale value 4,145,676 NET profit after exit fees 389,945 We generated 25% NET ROI on cash investedInvestment period 22 months<\/p>","protected":false},"author":1,"featured_media":0,"parent":1528,"menu_order":0,"comment_status":"closed","ping_status":"closed","template":"elementor_canvas","meta":{"content-type":"","footnotes":""},"class_list":["post-2612","page","type-page","status-publish","hentry"],"yoast_head":"<!-- This site is optimized with the Yoast SEO plugin v24.6 - https:\/\/yoast.com\/wordpress\/plugins\/seo\/ -->\n<title>Our Off Plan - LIONROCK INVESTMENT<\/title>\n<meta name=\"robots\" content=\"index, follow, max-snippet:-1, max-image-preview:large, max-video-preview:-1\" \/>\n<link rel=\"canonical\" href=\"https:\/\/lionrock.ae\/fr\/notre-strategie\/sur-plan\/\" \/>\n<meta property=\"og:locale\" content=\"fr_FR\" \/>\n<meta property=\"og:type\" content=\"article\" \/>\n<meta property=\"og:title\" content=\"Our Off Plan - LIONROCK INVESTMENT\" \/>\n<meta property=\"og:description\" content=\"Our Off-Plan Purchase and Sale Historical Example 1 Haven Villa &#8211; Tilal al Ghaf Financial Table Amount in USD Developer price 2,394,008 on 3 year payment plan Amount paid towards property before resale : 40% + fees 1,074,929 Resale value 3,049,692 NET profit after exit fees 442,333 We generated 41% NET ROI on cash investedInvestment period 20 months Opportunities are exclusive, and demand is strong.Act now to secure your stake in this high-performing real estate fund. Book a free consultation with an investment specialist Historical Example 2 Retreat Villa &#8211; Tilal Al Ghaf Financial Table Amount in USD Developer price 3,538,460 on 3 year payment plan Amount paid towards property before resale : 40% + fees 1,552,130 Resale value 4,145,676 NET profit after exit fees 389,945 We generated 25% NET ROI on cash investedInvestment period 22 months\" \/>\n<meta property=\"og:url\" content=\"https:\/\/lionrock.ae\/fr\/notre-strategie\/sur-plan\/\" \/>\n<meta property=\"og:site_name\" content=\"LIONROCK INVESTMENT\" \/>\n<meta property=\"article:modified_time\" content=\"2025-03-05T11:29:59+00:00\" \/>\n<meta property=\"og:image\" content=\"https:\/\/lionrock.ae\/wp-content\/uploads\/2025\/02\/Sans-titre-13-1.webp\" \/>\n\t<meta property=\"og:image:width\" content=\"1626\" \/>\n\t<meta property=\"og:image:height\" content=\"917\" \/>\n\t<meta property=\"og:image:type\" content=\"image\/webp\" \/>\n<meta name=\"twitter:card\" content=\"summary_large_image\" \/>\n<meta name=\"twitter:label1\" content=\"Dur\u00e9e de lecture estim\u00e9e\" \/>\n\t<meta name=\"twitter:data1\" content=\"2 minutes\" \/>\n<script type=\"application\/ld+json\" class=\"yoast-schema-graph\">{\"@context\":\"https:\/\/schema.org\",\"@graph\":[{\"@type\":\"WebPage\",\"@id\":\"https:\/\/lionrock.ae\/our-strategy\/our-off-plan\/\",\"url\":\"https:\/\/lionrock.ae\/our-strategy\/our-off-plan\/\",\"name\":\"Our Off Plan - LIONROCK INVESTMENT\",\"isPartOf\":{\"@id\":\"https:\/\/lionrock.ae\/#website\"},\"primaryImageOfPage\":{\"@id\":\"https:\/\/lionrock.ae\/our-strategy\/our-off-plan\/#primaryimage\"},\"image\":{\"@id\":\"https:\/\/lionrock.ae\/our-strategy\/our-off-plan\/#primaryimage\"},\"thumbnailUrl\":\"https:\/\/lionrock.ae\/wp-content\/uploads\/2025\/02\/Sans-titre-13-1-1024x577.webp\",\"datePublished\":\"2025-02-20T18:34:53+00:00\",\"dateModified\":\"2025-03-05T11:29:59+00:00\",\"breadcrumb\":{\"@id\":\"https:\/\/lionrock.ae\/our-strategy\/our-off-plan\/#breadcrumb\"},\"inLanguage\":\"fr-FR\",\"potentialAction\":[{\"@type\":\"ReadAction\",\"target\":[\"https:\/\/lionrock.ae\/our-strategy\/our-off-plan\/\"]}]},{\"@type\":\"ImageObject\",\"inLanguage\":\"fr-FR\",\"@id\":\"https:\/\/lionrock.ae\/our-strategy\/our-off-plan\/#primaryimage\",\"url\":\"https:\/\/lionrock.ae\/wp-content\/uploads\/2025\/02\/Sans-titre-13-1-1024x577.webp\",\"contentUrl\":\"https:\/\/lionrock.ae\/wp-content\/uploads\/2025\/02\/Sans-titre-13-1-1024x577.webp\"},{\"@type\":\"BreadcrumbList\",\"@id\":\"https:\/\/lionrock.ae\/our-strategy\/our-off-plan\/#breadcrumb\",\"itemListElement\":[{\"@type\":\"ListItem\",\"position\":1,\"name\":\"Accueil\",\"item\":\"https:\/\/lionrock.ae\/\"},{\"@type\":\"ListItem\",\"position\":2,\"name\":\"Our Strategy\",\"item\":\"https:\/\/lionrock.ae\/our-strategy\/\"},{\"@type\":\"ListItem\",\"position\":3,\"name\":\"Our Off Plan\"}]},{\"@type\":\"WebSite\",\"@id\":\"https:\/\/lionrock.ae\/#website\",\"url\":\"https:\/\/lionrock.ae\/\",\"name\":\"LIONROCK INVESTMENT\",\"description\":\"\",\"publisher\":{\"@id\":\"https:\/\/lionrock.ae\/#organization\"},\"potentialAction\":[{\"@type\":\"SearchAction\",\"target\":{\"@type\":\"EntryPoint\",\"urlTemplate\":\"https:\/\/lionrock.ae\/?s={search_term_string}\"},\"query-input\":{\"@type\":\"PropertyValueSpecification\",\"valueRequired\":true,\"valueName\":\"search_term_string\"}}],\"inLanguage\":\"fr-FR\"},{\"@type\":\"Organization\",\"@id\":\"https:\/\/lionrock.ae\/#organization\",\"name\":\"LIONROCK INVESTMENT\",\"url\":\"https:\/\/lionrock.ae\/\",\"logo\":{\"@type\":\"ImageObject\",\"inLanguage\":\"fr-FR\",\"@id\":\"https:\/\/lionrock.ae\/#\/schema\/logo\/image\/\",\"url\":\"https:\/\/lionrock.ae\/wp-content\/uploads\/2022\/02\/Logo-Lionrock-Horizontal-1.png\",\"contentUrl\":\"https:\/\/lionrock.ae\/wp-content\/uploads\/2022\/02\/Logo-Lionrock-Horizontal-1.png\",\"width\":842,\"height\":240,\"caption\":\"LIONROCK INVESTMENT\"},\"image\":{\"@id\":\"https:\/\/lionrock.ae\/#\/schema\/logo\/image\/\"}}]}<\/script>\n<!-- \/ Yoast SEO plugin. -->","yoast_head_json":{"title":"Our Off Plan - LIONROCK INVESTMENT","robots":{"index":"index","follow":"follow","max-snippet":"max-snippet:-1","max-image-preview":"max-image-preview:large","max-video-preview":"max-video-preview:-1"},"canonical":"https:\/\/lionrock.ae\/fr\/notre-strategie\/sur-plan\/","og_locale":"fr_FR","og_type":"article","og_title":"Our Off Plan - LIONROCK INVESTMENT","og_description":"Our Off-Plan Purchase and Sale Historical Example 1 Haven Villa &#8211; Tilal al Ghaf Financial Table Amount in USD Developer price 2,394,008 on 3 year payment plan Amount paid towards property before resale : 40% + fees 1,074,929 Resale value 3,049,692 NET profit after exit fees 442,333 We generated 41% NET ROI on cash investedInvestment period 20 months Opportunities are exclusive, and demand is strong.Act now to secure your stake in this high-performing real estate fund. Book a free consultation with an investment specialist Historical Example 2 Retreat Villa &#8211; Tilal Al Ghaf Financial Table Amount in USD Developer price 3,538,460 on 3 year payment plan Amount paid towards property before resale : 40% + fees 1,552,130 Resale value 4,145,676 NET profit after exit fees 389,945 We generated 25% NET ROI on cash investedInvestment period 22 months","og_url":"https:\/\/lionrock.ae\/fr\/notre-strategie\/sur-plan\/","og_site_name":"LIONROCK INVESTMENT","article_modified_time":"2025-03-05T11:29:59+00:00","og_image":[{"width":1626,"height":917,"url":"https:\/\/lionrock.ae\/wp-content\/uploads\/2025\/02\/Sans-titre-13-1.webp","type":"image\/webp"}],"twitter_card":"summary_large_image","twitter_misc":{"Dur\u00e9e de lecture estim\u00e9e":"2 minutes"},"schema":{"@context":"https:\/\/schema.org","@graph":[{"@type":"WebPage","@id":"https:\/\/lionrock.ae\/our-strategy\/our-off-plan\/","url":"https:\/\/lionrock.ae\/our-strategy\/our-off-plan\/","name":"Our Off Plan - LIONROCK INVESTMENT","isPartOf":{"@id":"https:\/\/lionrock.ae\/#website"},"primaryImageOfPage":{"@id":"https:\/\/lionrock.ae\/our-strategy\/our-off-plan\/#primaryimage"},"image":{"@id":"https:\/\/lionrock.ae\/our-strategy\/our-off-plan\/#primaryimage"},"thumbnailUrl":"https:\/\/lionrock.ae\/wp-content\/uploads\/2025\/02\/Sans-titre-13-1-1024x577.webp","datePublished":"2025-02-20T18:34:53+00:00","dateModified":"2025-03-05T11:29:59+00:00","breadcrumb":{"@id":"https:\/\/lionrock.ae\/our-strategy\/our-off-plan\/#breadcrumb"},"inLanguage":"fr-FR","potentialAction":[{"@type":"ReadAction","target":["https:\/\/lionrock.ae\/our-strategy\/our-off-plan\/"]}]},{"@type":"ImageObject","inLanguage":"fr-FR","@id":"https:\/\/lionrock.ae\/our-strategy\/our-off-plan\/#primaryimage","url":"https:\/\/lionrock.ae\/wp-content\/uploads\/2025\/02\/Sans-titre-13-1-1024x577.webp","contentUrl":"https:\/\/lionrock.ae\/wp-content\/uploads\/2025\/02\/Sans-titre-13-1-1024x577.webp"},{"@type":"BreadcrumbList","@id":"https:\/\/lionrock.ae\/our-strategy\/our-off-plan\/#breadcrumb","itemListElement":[{"@type":"ListItem","position":1,"name":"Accueil","item":"https:\/\/lionrock.ae\/"},{"@type":"ListItem","position":2,"name":"Our Strategy","item":"https:\/\/lionrock.ae\/our-strategy\/"},{"@type":"ListItem","position":3,"name":"Our Off Plan"}]},{"@type":"WebSite","@id":"https:\/\/lionrock.ae\/#website","url":"https:\/\/lionrock.ae\/","name":"LIONROCK INVESTMENT","description":"","publisher":{"@id":"https:\/\/lionrock.ae\/#organization"},"potentialAction":[{"@type":"SearchAction","target":{"@type":"EntryPoint","urlTemplate":"https:\/\/lionrock.ae\/?s={search_term_string}"},"query-input":{"@type":"PropertyValueSpecification","valueRequired":true,"valueName":"search_term_string"}}],"inLanguage":"fr-FR"},{"@type":"Organization","@id":"https:\/\/lionrock.ae\/#organization","name":"LIONROCK INVESTMENT","url":"https:\/\/lionrock.ae\/","logo":{"@type":"ImageObject","inLanguage":"fr-FR","@id":"https:\/\/lionrock.ae\/#\/schema\/logo\/image\/","url":"https:\/\/lionrock.ae\/wp-content\/uploads\/2022\/02\/Logo-Lionrock-Horizontal-1.png","contentUrl":"https:\/\/lionrock.ae\/wp-content\/uploads\/2022\/02\/Logo-Lionrock-Horizontal-1.png","width":842,"height":240,"caption":"LIONROCK INVESTMENT"},"image":{"@id":"https:\/\/lionrock.ae\/#\/schema\/logo\/image\/"}}]}},"_links":{"self":[{"href":"https:\/\/lionrock.ae\/fr\/wp-json\/wp\/v2\/pages\/2612","targetHints":{"allow":["GET"]}}],"collection":[{"href":"https:\/\/lionrock.ae\/fr\/wp-json\/wp\/v2\/pages"}],"about":[{"href":"https:\/\/lionrock.ae\/fr\/wp-json\/wp\/v2\/types\/page"}],"author":[{"embeddable":true,"href":"https:\/\/lionrock.ae\/fr\/wp-json\/wp\/v2\/users\/1"}],"replies":[{"embeddable":true,"href":"https:\/\/lionrock.ae\/fr\/wp-json\/wp\/v2\/comments?post=2612"}],"version-history":[{"count":100,"href":"https:\/\/lionrock.ae\/fr\/wp-json\/wp\/v2\/pages\/2612\/revisions"}],"predecessor-version":[{"id":2880,"href":"https:\/\/lionrock.ae\/fr\/wp-json\/wp\/v2\/pages\/2612\/revisions\/2880"}],"up":[{"embeddable":true,"href":"https:\/\/lionrock.ae\/fr\/wp-json\/wp\/v2\/pages\/1528"}],"wp:attachment":[{"href":"https:\/\/lionrock.ae\/fr\/wp-json\/wp\/v2\/media?parent=2612"}],"curies":[{"name":"wp","href":"https:\/\/api.w.org\/{rel}","templated":true}]}}